{"id":2418,"date":"2020-09-09T08:50:02","date_gmt":"2020-09-09T08:50:02","guid":{"rendered":"https:\/\/demo2wpopal.b-cdn.net\/freshio\/product\/enormous-linen-watch\/"},"modified":"2022-09-06T18:28:39","modified_gmt":"2022-09-06T18:28:39","slug":"cominco-duo-2","status":"publish","type":"product","link":"https:\/\/www.minexproducts.com\/en\/product\/cominco-duo-2\/","title":{"rendered":"Cominco Duo 2"},"content":{"rendered":"<p><strong>Refuerzo:<\/strong><br \/>\n-(Est\u00e1ndar): Refuerzos en gl\u00fateos<br \/>\nBolsillos:<br \/>\n-2 bolsillos delanteros profundos<br \/>\n-2 bolsillos secretos<br \/>\n-1 bolsillo peque\u00f1o con tapa y bot\u00f3n sobre el bolsillo lateral derecho<br \/>\n-2 bolsillos traseros con cremallera<br \/>\n-1 bolsillo vertical para almacenamiento de picas\/martillos<br \/>\n<strong><br \/>\nAccesorios:<\/strong><br \/>\n-Cinturilla con trabillas<br \/>\n-2 botones de vuelo<br \/>\n-Cremalleras en las rodillas para la pierna del pantal\u00f3n desmontable<\/p>\n","protected":false},"excerpt":{"rendered":"<p><strong>Capa externa:<\/strong><br \/>\n-(est\u00e1ndar): (100 % sarga de algod\u00f3n)<br \/>\n-(Opciones): Material interno: 100 % Poli\u00e9ster Taslan, 100 % Nylon Taslan, 100 % Sarga de poli\u00e9ster, 80 % Poli\u00e9ster y 20 % Spandex Mix<\/p>\n<p><strong>Capa Interna:<br \/>\n<\/strong>-(Opciones): Forro 100 % tafet\u00e1n de nailon, jersey 100 % polialgod\u00f3n, malla 100 % nailon, malla 100 % poli\u00e9ster, malla deportiva 100 %, forro polar 100 % poli\u00e9ster<\/p>\n<p><strong>Aislamiento:<br \/>\n<\/strong>-(Opciones): Capa ligera de fibra de poli\u00e9ster 100%<\/p>\n","protected":false},"featured_media":2613,"comment_status":"closed","ping_status":"closed","template":"","meta":{"inline_featured_image":false,"_joinchat":[]},"product_cat":[225,182],"product_tag":[224],"_links":{"self":[{"href":"https:\/\/www.minexproducts.com\/en\/wp-json\/wp\/v2\/product\/2418"}],"collection":[{"href":"https:\/\/www.minexproducts.com\/en\/wp-json\/wp\/v2\/product"}],"about":[{"href":"https:\/\/www.minexproducts.com\/en\/wp-json\/wp\/v2\/types\/product"}],"replies":[{"embeddable":true,"href":"https:\/\/www.minexproducts.com\/en\/wp-json\/wp\/v2\/comments?post=2418"}],"version-history":[{"count":8,"href":"https:\/\/www.minexproducts.com\/en\/wp-json\/wp\/v2\/product\/2418\/revisions"}],"predecessor-version":[{"id":2651,"href":"https:\/\/www.minexproducts.com\/en\/wp-json\/wp\/v2\/product\/2418\/revisions\/2651"}],"wp:featuredmedia":[{"embeddable":true,"href":"https:\/\/www.minexproducts.com\/en\/wp-json\/wp\/v2\/media\/2613"}],"wp:attachment":[{"href":"https:\/\/www.minexproducts.com\/en\/wp-json\/wp\/v2\/media?parent=2418"}],"wp:term":[{"taxonomy":"product_cat","embeddable":true,"href":"https:\/\/www.minexproducts.com\/en\/wp-json\/wp\/v2\/product_cat?post=2418"},{"taxonomy":"product_tag","embeddable":true,"href":"https:\/\/www.minexproducts.com\/en\/wp-json\/wp\/v2\/product_tag?post=2418"}],"curies":[{"name":"wp","href":"https:\/\/api.w.org\/{rel}","templated":true}]}}